{"id":228,"date":"2023-10-03T11:54:59","date_gmt":"2023-10-03T09:54:59","guid":{"rendered":"http:\/\/polymer-communication.fr\/?page_id=228"},"modified":"2023-10-04T00:07:17","modified_gmt":"2023-10-03T22:07:17","slug":"elementor-228","status":"publish","type":"page","link":"https:\/\/polymer-communication.fr\/","title":{"rendered":"Polymer-communication accueil 01 01"},"content":{"rendered":"\t\t<div data-elementor-type=\"wp-page\" data-elementor-id=\"228\" class=\"elementor elementor-228\">\n\t\t\t\t\t\t<section class=\"elementor-section elementor-top-section elementor-element elementor-element-c622d66 elementor-section-full_width elementor-hidden-mobile elementor-section-height-default elementor-section-height-default elementor-invisible\" data-id=\"c622d66\" data-element_type=\"section\" data-settings=\"{&quot;background_background&quot;:&quot;classic&quot;,&quot;animation&quot;:&quot;fadeIn&quot;}\">\n\t\t\t\t\t\t<div class=\"elementor-container elementor-column-gap-default\">\n\t\t\t\t\t<div class=\"elementor-column elementor-col-33 elementor-top-column elementor-element elementor-element-47079f2\" data-id=\"47079f2\" data-element_type=\"column\">\n\t\t\t<div class=\"elementor-widget-wrap elementor-element-populated\">\n\t\t\t\t\t\t<div class=\"elementor-element elementor-element-779ac8a elementor-hidden-mobile elementor-invisible elementor-widget elementor-widget-image\" data-id=\"779ac8a\" data-element_type=\"widget\" data-settings=\"{&quot;_animation&quot;:&quot;fadeInLeft&quot;,&quot;_animation_delay&quot;:1500}\" data-widget_type=\"image.default\">\n\t\t\t\t<div class=\"elementor-widget-container\">\n\t\t\t\t\t\t\t\t\t\t\t\t\t\t\t<img fetchpriority=\"high\" decoding=\"async\" width=\"1024\" height=\"1024\" src=\"https:\/\/polymer-communication.fr\/wp-content\/uploads\/2023\/05\/logo-Polymer-site-acc-01-1024x1024.jpg\" class=\"attachment-large size-large wp-image-173\" alt=\"\" srcset=\"https:\/\/polymer-communication.fr\/wp-content\/uploads\/2023\/05\/logo-Polymer-site-acc-01-1024x1024.jpg 1024w, https:\/\/polymer-communication.fr\/wp-content\/uploads\/2023\/05\/logo-Polymer-site-acc-01-300x300.jpg 300w, https:\/\/polymer-communication.fr\/wp-content\/uploads\/2023\/05\/logo-Polymer-site-acc-01-150x150.jpg 150w, https:\/\/polymer-communication.fr\/wp-content\/uploads\/2023\/05\/logo-Polymer-site-acc-01-768x768.jpg 768w, https:\/\/polymer-communication.fr\/wp-content\/uploads\/2023\/05\/logo-Polymer-site-acc-01-600x600.jpg 600w, https:\/\/polymer-communication.fr\/wp-content\/uploads\/2023\/05\/logo-Polymer-site-acc-01.jpg 1227w\" sizes=\"(max-width: 1024px) 100vw, 1024px\" \/>\t\t\t\t\t\t\t\t\t\t\t\t\t\t\t<\/div>\n\t\t\t\t<\/div>\n\t\t\t\t\t<\/div>\n\t\t<\/div>\n\t\t\t\t<div class=\"elementor-column elementor-col-66 elementor-top-column elementor-element elementor-element-4eaa710\" data-id=\"4eaa710\" data-element_type=\"column\">\n\t\t\t<div class=\"elementor-widget-wrap elementor-element-populated\">\n\t\t\t\t\t\t<div class=\"elementor-element elementor-element-90e2506 elementor-hidden-mobile elementor-invisible elementor-widget elementor-widget-heading\" data-id=\"90e2506\" data-element_type=\"widget\" data-settings=\"{&quot;_animation&quot;:&quot;fadeInRight&quot;,&quot;_animation_delay&quot;:2500}\" data-widget_type=\"heading.default\">\n\t\t\t\t<div class=\"elementor-widget-container\">\n\t\t\t\t\t<h2 class=\"elementor-heading-title elementor-size-default\">UN ACCOMPAGNEMENT PAS \u00c0 PAS<\/h2>\t\t\t\t<\/div>\n\t\t\t\t<\/div>\n\t\t\t\t<div class=\"elementor-element elementor-element-754b6f9 elementor-hidden-mobile elementor-invisible elementor-widget elementor-widget-heading\" data-id=\"754b6f9\" data-element_type=\"widget\" data-settings=\"{&quot;_animation&quot;:&quot;fadeInRight&quot;,&quot;_animation_delay&quot;:3500}\" data-widget_type=\"heading.default\">\n\t\t\t\t<div class=\"elementor-widget-container\">\n\t\t\t\t\t<h2 class=\"elementor-heading-title elementor-size-xxl\">de l'imagination \u00e0 la r\u00e9alisation<\/h2>\t\t\t\t<\/div>\n\t\t\t\t<\/div>\n\t\t\t\t<div class=\"elementor-element elementor-element-615ac86 elementor-hidden-mobile elementor-invisible elementor-widget elementor-widget-image\" data-id=\"615ac86\" data-element_type=\"widget\" data-settings=\"{&quot;_animation&quot;:&quot;zoomIn&quot;,&quot;_animation_delay&quot;:4500}\" data-widget_type=\"image.default\">\n\t\t\t\t<div class=\"elementor-widget-container\">\n\t\t\t\t\t\t\t\t\t\t\t\t\t\t\t<img decoding=\"async\" width=\"1024\" height=\"194\" src=\"https:\/\/polymer-communication.fr\/wp-content\/uploads\/2023\/10\/contactez-nous-01-01-1024x194.jpg\" class=\"attachment-large size-large wp-image-262\" alt=\"\" srcset=\"https:\/\/polymer-communication.fr\/wp-content\/uploads\/2023\/10\/contactez-nous-01-01-1024x194.jpg 1024w, https:\/\/polymer-communication.fr\/wp-content\/uploads\/2023\/10\/contactez-nous-01-01-300x57.jpg 300w, https:\/\/polymer-communication.fr\/wp-content\/uploads\/2023\/10\/contactez-nous-01-01-768x145.jpg 768w, https:\/\/polymer-communication.fr\/wp-content\/uploads\/2023\/10\/contactez-nous-01-01.jpg 1512w\" sizes=\"(max-width: 1024px) 100vw, 1024px\" \/>\t\t\t\t\t\t\t\t\t\t\t\t\t\t\t<\/div>\n\t\t\t\t<\/div>\n\t\t\t\t\t<\/div>\n\t\t<\/div>\n\t\t\t\t\t<\/div>\n\t\t<\/section>\n\t\t\t\t<section class=\"elementor-section elementor-top-section elementor-element elementor-element-d2ff304 elementor-section-full_width elementor-hidden-desktop elementor-hidden-tablet elementor-section-height-default elementor-section-height-default\" data-id=\"d2ff304\" data-element_type=\"section\">\n\t\t\t\t\t\t\t<div class=\"elementor-background-overlay\"><\/div>\n\t\t\t\t\t\t\t<div class=\"elementor-container elementor-column-gap-default\">\n\t\t\t\t\t<div class=\"elementor-column elementor-col-25 elementor-top-column elementor-element elementor-element-67c1225\" data-id=\"67c1225\" data-element_type=\"column\">\n\t\t\t<div class=\"elementor-widget-wrap elementor-element-populated\">\n\t\t\t\t\t\t<div class=\"elementor-element elementor-element-31d5053 elementor-hidden-desktop elementor-hidden-tablet elementor-widget elementor-widget-image\" data-id=\"31d5053\" data-element_type=\"widget\" data-settings=\"{&quot;_animation_mobile&quot;:&quot;slideInLeft&quot;}\" data-widget_type=\"image.default\">\n\t\t\t\t<div class=\"elementor-widget-container\">\n\t\t\t\t\t\t\t\t\t\t\t\t\t\t\t<img fetchpriority=\"high\" decoding=\"async\" width=\"1024\" height=\"1024\" src=\"https:\/\/polymer-communication.fr\/wp-content\/uploads\/2023\/05\/logo-Polymer-site-acc-01-1024x1024.jpg\" class=\"attachment-large size-large wp-image-173\" alt=\"\" srcset=\"https:\/\/polymer-communication.fr\/wp-content\/uploads\/2023\/05\/logo-Polymer-site-acc-01-1024x1024.jpg 1024w, https:\/\/polymer-communication.fr\/wp-content\/uploads\/2023\/05\/logo-Polymer-site-acc-01-300x300.jpg 300w, https:\/\/polymer-communication.fr\/wp-content\/uploads\/2023\/05\/logo-Polymer-site-acc-01-150x150.jpg 150w, https:\/\/polymer-communication.fr\/wp-content\/uploads\/2023\/05\/logo-Polymer-site-acc-01-768x768.jpg 768w, https:\/\/polymer-communication.fr\/wp-content\/uploads\/2023\/05\/logo-Polymer-site-acc-01-600x600.jpg 600w, https:\/\/polymer-communication.fr\/wp-content\/uploads\/2023\/05\/logo-Polymer-site-acc-01.jpg 1227w\" sizes=\"(max-width: 1024px) 100vw, 1024px\" \/>\t\t\t\t\t\t\t\t\t\t\t\t\t\t\t<\/div>\n\t\t\t\t<\/div>\n\t\t\t\t\t<\/div>\n\t\t<\/div>\n\t\t\t\t<div class=\"elementor-column elementor-col-25 elementor-top-column elementor-element elementor-element-4117edd\" data-id=\"4117edd\" data-element_type=\"column\">\n\t\t\t<div class=\"elementor-widget-wrap elementor-element-populated\">\n\t\t\t\t\t\t<div class=\"elementor-element elementor-element-b7b47e7 elementor-hidden-desktop elementor-hidden-tablet elementor-widget elementor-widget-heading\" data-id=\"b7b47e7\" data-element_type=\"widget\" data-settings=\"{&quot;_animation_mobile&quot;:&quot;fadeIn&quot;}\" data-widget_type=\"heading.default\">\n\t\t\t\t<div class=\"elementor-widget-container\">\n\t\t\t\t\t<h2 class=\"elementor-heading-title elementor-size-small\">UN ACCOMPAGNEMENT PAS \u00c0 PAS<\/h2>\t\t\t\t<\/div>\n\t\t\t\t<\/div>\n\t\t\t\t\t<\/div>\n\t\t<\/div>\n\t\t\t\t<div class=\"elementor-column elementor-col-25 elementor-top-column elementor-element elementor-element-b026ad7\" data-id=\"b026ad7\" data-element_type=\"column\">\n\t\t\t<div class=\"elementor-widget-wrap elementor-element-populated\">\n\t\t\t\t\t\t<div class=\"elementor-element elementor-element-b4a2bde elementor-hidden-desktop elementor-hidden-tablet elementor-widget elementor-widget-heading\" data-id=\"b4a2bde\" data-element_type=\"widget\" data-settings=\"{&quot;_animation_mobile&quot;:&quot;fadeIn&quot;}\" data-widget_type=\"heading.default\">\n\t\t\t\t<div class=\"elementor-widget-container\">\n\t\t\t\t\t<h2 class=\"elementor-heading-title elementor-size-xl\">de l'imagination \n<\/h2>\t\t\t\t<\/div>\n\t\t\t\t<\/div>\n\t\t\t\t<div class=\"elementor-element elementor-element-e2f81a7 elementor-hidden-desktop elementor-hidden-tablet elementor-widget elementor-widget-heading\" data-id=\"e2f81a7\" data-element_type=\"widget\" data-settings=\"{&quot;_animation_mobile&quot;:&quot;fadeIn&quot;}\" data-widget_type=\"heading.default\">\n\t\t\t\t<div class=\"elementor-widget-container\">\n\t\t\t\t\t<h2 class=\"elementor-heading-title elementor-size-xl\">\u00e0 la r\u00e9alisation<\/h2>\t\t\t\t<\/div>\n\t\t\t\t<\/div>\n\t\t\t\t\t<\/div>\n\t\t<\/div>\n\t\t\t\t<div class=\"elementor-column elementor-col-25 elementor-top-column elementor-element elementor-element-cbdd695\" data-id=\"cbdd695\" data-element_type=\"column\">\n\t\t\t<div class=\"elementor-widget-wrap elementor-element-populated\">\n\t\t\t\t\t\t<div class=\"elementor-element elementor-element-c57f2e4 e-transform elementor-hidden-desktop elementor-hidden-tablet elementor-widget elementor-widget-image\" data-id=\"c57f2e4\" data-element_type=\"widget\" data-settings=\"{&quot;_animation_mobile&quot;:&quot;bounceIn&quot;,&quot;_transform_scale_effect_hover_mobile&quot;:{&quot;unit&quot;:&quot;px&quot;,&quot;size&quot;:1.1,&quot;sizes&quot;:[]},&quot;_transform_scale_effect_hover&quot;:{&quot;unit&quot;:&quot;px&quot;,&quot;size&quot;:&quot;&quot;,&quot;sizes&quot;:[]},&quot;_transform_scale_effect_hover_tablet&quot;:{&quot;unit&quot;:&quot;px&quot;,&quot;size&quot;:&quot;&quot;,&quot;sizes&quot;:[]}}\" data-widget_type=\"image.default\">\n\t\t\t\t<div class=\"elementor-widget-container\">\n\t\t\t\t\t\t\t\t\t\t\t\t\t\t\t\t<a href=\"tel:0967056137\">\n\t\t\t\t\t\t\t<img decoding=\"async\" width=\"205\" height=\"205\" src=\"https:\/\/polymer-communication.fr\/wp-content\/uploads\/2023\/05\/TEL-T-01-1.jpg\" class=\"attachment-large size-large wp-image-200\" alt=\"\" srcset=\"https:\/\/polymer-communication.fr\/wp-content\/uploads\/2023\/05\/TEL-T-01-1.jpg 205w, https:\/\/polymer-communication.fr\/wp-content\/uploads\/2023\/05\/TEL-T-01-1-150x150.jpg 150w, https:\/\/polymer-communication.fr\/wp-content\/uploads\/2023\/05\/elementor\/thumbs\/TEL-T-01-1-q6ivgwuuh08i5oddl69d21e3hdyfy4tpejbpqjhk8e.jpg 75w, https:\/\/polymer-communication.fr\/wp-content\/uploads\/2023\/05\/elementor\/thumbs\/TEL-T-01-1-q6ivgwuuryxm26et6wh5l23oqq0cm2mmvhh09w3v8o.jpg 100w\" sizes=\"(max-width: 205px) 100vw, 205px\" \/>\t\t\t\t\t\t\t\t<\/a>\n\t\t\t\t\t\t\t\t\t\t\t\t\t\t\t<\/div>\n\t\t\t\t<\/div>\n\t\t\t\t\t<\/div>\n\t\t<\/div>\n\t\t\t\t\t<\/div>\n\t\t<\/section>\n\t\t\t\t<section class=\"elementor-section elementor-top-section elementor-element elementor-element-72d5fed elementor-section-boxed elementor-section-height-default elementor-section-height-default\" data-id=\"72d5fed\" data-element_type=\"section\">\n\t\t\t\t\t\t<div class=\"elementor-container elementor-column-gap-default\">\n\t\t\t\t\t<div class=\"elementor-column elementor-col-100 elementor-top-column elementor-element elementor-element-f9a4a32\" data-id=\"f9a4a32\" data-element_type=\"column\">\n\t\t\t<div class=\"elementor-widget-wrap\">\n\t\t\t\t\t\t\t<\/div>\n\t\t<\/div>\n\t\t\t\t\t<\/div>\n\t\t<\/section>\n\t\t\t\t<section class=\"elementor-section elementor-top-section elementor-element elementor-element-0b7826e elementor-section-boxed elementor-section-height-default elementor-section-height-default\" data-id=\"0b7826e\" data-element_type=\"section\">\n\t\t\t\t\t\t<div class=\"elementor-container elementor-column-gap-default\">\n\t\t\t\t\t<div class=\"elementor-column elementor-col-100 elementor-top-column elementor-element elementor-element-3de9f58\" data-id=\"3de9f58\" data-element_type=\"column\">\n\t\t\t<div class=\"elementor-widget-wrap elementor-element-populated\">\n\t\t\t\t\t\t<div class=\"elementor-element elementor-element-ff1de1e elementor-widget elementor-widget-spacer\" data-id=\"ff1de1e\" data-element_type=\"widget\" data-widget_type=\"spacer.default\">\n\t\t\t\t<div class=\"elementor-widget-container\">\n\t\t\t\t\t\t\t<div class=\"elementor-spacer\">\n\t\t\t<div class=\"elementor-spacer-inner\"><\/div>\n\t\t<\/div>\n\t\t\t\t\t\t<\/div>\n\t\t\t\t<\/div>\n\t\t\t\t\t<\/div>\n\t\t<\/div>\n\t\t\t\t\t<\/div>\n\t\t<\/section>\n\t\t\t\t<\/div>\n\t\t","protected":false},"excerpt":{"rendered":"<p>UN ACCOMPAGNEMENT PAS \u00c0 PAS de l&rsquo;imagination \u00e0 la r\u00e9alisation UN ACCOMPAGNEMENT PAS \u00c0 PAS de l&rsquo;imagination \u00e0 la r\u00e9alisation<\/p>\n","protected":false},"author":1,"featured_media":0,"parent":0,"menu_order":0,"comment_status":"closed","ping_status":"closed","template":"","meta":{"footnotes":""},"class_list":["post-228","page","type-page","status-publish","hentry","entry"],"_links":{"self":[{"href":"https:\/\/polymer-communication.fr\/index.php\/wp-json\/wp\/v2\/pages\/228","targetHints":{"allow":["GET"]}}],"collection":[{"href":"https:\/\/polymer-communication.fr\/index.php\/wp-json\/wp\/v2\/pages"}],"about":[{"href":"https:\/\/polymer-communication.fr\/index.php\/wp-json\/wp\/v2\/types\/page"}],"author":[{"embeddable":true,"href":"https:\/\/polymer-communication.fr\/index.php\/wp-json\/wp\/v2\/users\/1"}],"replies":[{"embeddable":true,"href":"https:\/\/polymer-communication.fr\/index.php\/wp-json\/wp\/v2\/comments?post=228"}],"version-history":[{"count":86,"href":"https:\/\/polymer-communication.fr\/index.php\/wp-json\/wp\/v2\/pages\/228\/revisions"}],"predecessor-version":[{"id":342,"href":"https:\/\/polymer-communication.fr\/index.php\/wp-json\/wp\/v2\/pages\/228\/revisions\/342"}],"wp:attachment":[{"href":"https:\/\/polymer-communication.fr\/index.php\/wp-json\/wp\/v2\/media?parent=228"}],"curies":[{"name":"wp","href":"https:\/\/api.w.org\/{rel}","templated":true}]}}